{"id":6,"date":"2022-09-12T10:41:37","date_gmt":"2022-09-12T08:41:37","guid":{"rendered":"https:\/\/isambertpsy.fr\/?page_id=6"},"modified":"2023-08-17T11:31:07","modified_gmt":"2023-08-17T09:31:07","slug":"a-propos","status":"publish","type":"page","link":"https:\/\/isambertpsy.fr\/?page_id=6","title":{"rendered":"A propos"},"content":{"rendered":"\t\t<div data-elementor-type=\"wp-page\" data-elementor-id=\"6\" class=\"elementor elementor-6\">\n\t\t\t\t\t\t<section class=\"elementor-section elementor-top-section elementor-element elementor-element-4022c1d1 elementor-section-content-middle elementor-section-boxed elementor-section-height-default elementor-section-height-default\" data-id=\"4022c1d1\" data-element_type=\"section\" data-settings=\"{&quot;background_background&quot;:&quot;classic&quot;,&quot;background_motion_fx_motion_fx_scrolling&quot;:&quot;yes&quot;,&quot;background_motion_fx_translateY_effect&quot;:&quot;yes&quot;,&quot;background_motion_fx_translateY_speed&quot;:{&quot;unit&quot;:&quot;px&quot;,&quot;size&quot;:5,&quot;sizes&quot;:[]},&quot;background_motion_fx_translateY_affectedRange&quot;:{&quot;unit&quot;:&quot;%&quot;,&quot;size&quot;:&quot;&quot;,&quot;sizes&quot;:{&quot;start&quot;:0,&quot;end&quot;:100}},&quot;background_motion_fx_devices&quot;:[&quot;desktop&quot;,&quot;tablet&quot;,&quot;mobile&quot;]}\">\n\t\t\t\t\t\t\t<div class=\"elementor-background-overlay\"><\/div>\n\t\t\t\t\t\t\t<div class=\"elementor-container elementor-column-gap-no\">\n\t\t\t\t\t<div class=\"elementor-column elementor-col-100 elementor-top-column elementor-element elementor-element-1676d6d5\" data-id=\"1676d6d5\" data-element_type=\"column\" data-settings=\"{&quot;background_background&quot;:&quot;classic&quot;}\">\n\t\t\t<div class=\"elementor-widget-wrap elementor-element-populated\">\n\t\t\t\t\t\t<section class=\"elementor-section elementor-inner-section elementor-element elementor-element-4e0be650 elementor-section-content-middle elementor-reverse-tablet elementor-section-boxed elementor-section-height-default elementor-section-height-default\" data-id=\"4e0be650\" data-element_type=\"section\">\n\t\t\t\t\t\t<div class=\"elementor-container elementor-column-gap-wider\">\n\t\t\t\t\t<div class=\"elementor-column elementor-col-50 elementor-inner-column elementor-element elementor-element-7e49ec0\" data-id=\"7e49ec0\" data-element_type=\"column\">\n\t\t\t<div class=\"elementor-widget-wrap elementor-element-populated\">\n\t\t\t\t\t\t<div class=\"elementor-element elementor-element-0bba586 elementor-widget elementor-widget-html\" data-id=\"0bba586\" data-element_type=\"widget\" data-widget_type=\"html.default\">\n\t\t\t\t<div class=\"elementor-widget-container\">\n\t\t\t<a href=\"https:\/\/www.doctolib.fr\/psychologue\/rochefort\/stephanie-isambert?utm_campaign=website-button&amp;utm_source=stephanie-isambert-website-button&amp;utm_medium=referral&amp;utm_content=withoutpreview-blue-floating-bottom-right&amp;utm_term=stephanie-isambert\" style=\"display:flex;text-align:center;background-color:#107ACA;color:#ffffff;font-size:14px;overflow:hidden;font-family:Roboto, sans-serif;box-sizing:border-box;align-items:center;padding:0 24px;z-index:1000;height:48px;text-decoration:none;position:fixed;bottom:16px;right:16px;border-bottom-left-radius:none;border-bottom-right-radius:none;border-top-left-radius:4px;border-top-right-radius:4px;border-radius:24px\" target=\"_blank\"> <!-- -->Prendre rendez-vous<!-- --> <img decoding=\"async\" style=\"height:19px;vertical-align:middle;width:auto\" src=\"https:\/\/pro.doctolib.fr\/external_button\/doctolib-white-transparent.png\" alt=\"Doctolib\"\/><\/a>\t\t<\/div>\n\t\t\t\t<\/div>\n\t\t\t\t<div class=\"elementor-element elementor-element-8ec27b5 elementor-widget elementor-widget-heading\" data-id=\"8ec27b5\" data-element_type=\"widget\" data-widget_type=\"heading.default\">\n\t\t\t\t<div class=\"elementor-widget-container\">\n\t\t\t<h2 class=\"elementor-heading-title elementor-size-default\">A propos de moi<\/h2>\t\t<\/div>\n\t\t\t\t<\/div>\n\t\t\t\t<div class=\"elementor-element elementor-element-1c3a5f75 elementor-widget-divider--view-line elementor-widget elementor-widget-divider\" data-id=\"1c3a5f75\" data-element_type=\"widget\" data-widget_type=\"divider.default\">\n\t\t\t\t<div class=\"elementor-widget-container\">\n\t\t\t\t\t<div class=\"elementor-divider\">\n\t\t\t<span class=\"elementor-divider-separator\">\n\t\t\t\t\t\t<\/span>\n\t\t<\/div>\n\t\t\t\t<\/div>\n\t\t\t\t<\/div>\n\t\t\t\t<div class=\"elementor-element elementor-element-2f75af0 elementor-invisible elementor-widget elementor-widget-text-editor\" data-id=\"2f75af0\" data-element_type=\"widget\" data-settings=\"{&quot;_animation&quot;:&quot;fadeIn&quot;}\" data-widget_type=\"text-editor.default\">\n\t\t\t\t<div class=\"elementor-widget-container\">\n\t\t\t\t\t\t\t<p>Dipl\u00f4m\u00e9e d&rsquo;\u00e9tat (Master Psychologie \u2013 Education et Formation \u2013 Approche clinique et cognitive de l\u2019Universit\u00e9 de Poitiers), je travaille avec les enfants, les adolescents et les adultes.<\/p>\n<p>Mes r\u00e9f\u00e9rences th\u00e9oriques sont d&rsquo;abord int\u00e9gratives. Dans cette approche, le psychologue appr\u00e9hende l\u2019\u00e9volution de l\u2019ensemble de la personne dans son environnement, son fonctionnement affectif, cognitif, comportemental et relationnel.<\/p>\n<p>Je propose des consultations au cabinet, \u00e0 votre domicile ou\/et en visioconf\u00e9rence.<\/p>\n<p>En tant que psychologue, je suis tenue au secret professionnel et au respect du code de d\u00e9ontologie des psychologues. Je m\u2019engage en outre, \u00e0 une supervision&nbsp;r\u00e9guli\u00e8re&nbsp;de ma pratique et \u00e0 la r\u00e9actualisation de mes connaissances et comp\u00e9tences&nbsp;<\/p>\t\t\t\t\t\t<\/div>\n\t\t\t\t<\/div>\n\t\t\t\t\t<\/div>\n\t\t<\/div>\n\t\t\t\t<div class=\"elementor-column elementor-col-50 elementor-inner-column elementor-element elementor-element-6f4e8d7d\" data-id=\"6f4e8d7d\" data-element_type=\"column\">\n\t\t\t<div class=\"elementor-widget-wrap elementor-element-populated\">\n\t\t\t\t\t\t<div class=\"elementor-element elementor-element-42b885cb elementor-widget elementor-widget-image\" data-id=\"42b885cb\" data-element_type=\"widget\" data-widget_type=\"image.default\">\n\t\t\t\t<div class=\"elementor-widget-container\">\n\t\t\t\t\t\t\t\t\t\t\t\t\t<img decoding=\"async\" src=\"https:\/\/isambertpsy.fr\/wp-content\/uploads\/elementor\/thumbs\/Sans-titre-38-pv1zi2nu1mwoi4ydwwxaa0uvixxqwg1d7c4q7y2jxs.png\" title=\"Sans titre (38)\" alt=\"Sans titre (38)\" loading=\"lazy\" \/>\t\t\t\t\t\t\t\t\t\t\t\t\t<\/div>\n\t\t\t\t<\/div>\n\t\t\t\t<div class=\"elementor-element elementor-element-f1a7caf elementor-widget elementor-widget-heading\" data-id=\"f1a7caf\" data-element_type=\"widget\" data-widget_type=\"heading.default\">\n\t\t\t\t<div class=\"elementor-widget-container\">\n\t\t\t<h2 class=\"elementor-heading-title elementor-size-default\">Informations Professionnels<\/h2>\t\t<\/div>\n\t\t\t\t<\/div>\n\t\t\t\t<div class=\"elementor-element elementor-element-a008ac5 elementor-icon-list--layout-traditional elementor-list-item-link-full_width elementor-widget elementor-widget-icon-list\" data-id=\"a008ac5\" data-element_type=\"widget\" data-widget_type=\"icon-list.default\">\n\t\t\t\t<div class=\"elementor-widget-container\">\n\t\t\t\t\t<ul class=\"elementor-icon-list-items\">\n\t\t\t\t\t\t\t<li class=\"elementor-icon-list-item\">\n\t\t\t\t\t\t\t\t\t\t\t<span class=\"elementor-icon-list-icon\">\n\t\t\t\t\t\t\t<i aria-hidden=\"true\" class=\"fas fa-file-medical\"><\/i>\t\t\t\t\t\t<\/span>\n\t\t\t\t\t\t\t\t\t\t<span class=\"elementor-icon-list-text\">N\u00b0 ADELI : 179309877<\/span>\n\t\t\t\t\t\t\t\t\t<\/li>\n\t\t\t\t\t\t\t\t<li class=\"elementor-icon-list-item\">\n\t\t\t\t\t\t\t\t\t\t\t<span class=\"elementor-icon-list-icon\">\n\t\t\t\t\t\t\t<i aria-hidden=\"true\" class=\"fas fa-id-card\"><\/i>\t\t\t\t\t\t<\/span>\n\t\t\t\t\t\t\t\t\t\t<span class=\"elementor-icon-list-text\">N\u00b0 SIRET : 503 511 206 00032<\/span>\n\t\t\t\t\t\t\t\t\t<\/li>\n\t\t\t\t\t\t<\/ul>\n\t\t\t\t<\/div>\n\t\t\t\t<\/div>\n\t\t\t\t\t<\/div>\n\t\t<\/div>\n\t\t\t\t\t<\/div>\n\t\t<\/section>\n\t\t\t\t\t<\/div>\n\t\t<\/div>\n\t\t\t\t\t<\/div>\n\t\t<\/section>\n\t\t\t\t<\/div>\n\t\t","protected":false},"excerpt":{"rendered":"<p>Prendre rendez-vous A propos de moi Dipl\u00f4m\u00e9e d&rsquo;\u00e9tat (Master Psychologie \u2013 Education et Formation \u2013 Approche clinique et cognitive de l\u2019Universit\u00e9 de Poitiers), je travaille avec les enfants, les adolescents et les adultes. Mes r\u00e9f\u00e9rences th\u00e9oriques sont d&rsquo;abord int\u00e9gratives. Dans cette approche, le psychologue appr\u00e9hende l\u2019\u00e9volution de l\u2019ensemble de la personne dans son environnement, son&#8230;<\/p>\n","protected":false},"author":1,"featured_media":0,"parent":0,"menu_order":0,"comment_status":"closed","ping_status":"closed","template":"","meta":{"_kad_post_transparent":"","_kad_post_title":"hide","_kad_post_layout":"fullwidth","_kad_post_sidebar_id":"","_kad_post_content_style":"unboxed","_kad_post_vertical_padding":"hide","_kad_post_feature":"hide","_kad_post_feature_position":"","_kad_post_header":false,"_kad_post_footer":false,"footnotes":""},"class_list":["post-6","page","type-page","status-publish","hentry"],"_links":{"self":[{"href":"https:\/\/isambertpsy.fr\/index.php?rest_route=\/wp\/v2\/pages\/6","targetHints":{"allow":["GET"]}}],"collection":[{"href":"https:\/\/isambertpsy.fr\/index.php?rest_route=\/wp\/v2\/pages"}],"about":[{"href":"https:\/\/isambertpsy.fr\/index.php?rest_route=\/wp\/v2\/types\/page"}],"author":[{"embeddable":true,"href":"https:\/\/isambertpsy.fr\/index.php?rest_route=\/wp\/v2\/users\/1"}],"replies":[{"embeddable":true,"href":"https:\/\/isambertpsy.fr\/index.php?rest_route=%2Fwp%2Fv2%2Fcomments&post=6"}],"version-history":[{"count":70,"href":"https:\/\/isambertpsy.fr\/index.php?rest_route=\/wp\/v2\/pages\/6\/revisions"}],"predecessor-version":[{"id":1206,"href":"https:\/\/isambertpsy.fr\/index.php?rest_route=\/wp\/v2\/pages\/6\/revisions\/1206"}],"wp:attachment":[{"href":"https:\/\/isambertpsy.fr\/index.php?rest_route=%2Fwp%2Fv2%2Fmedia&parent=6"}],"curies":[{"name":"wp","href":"https:\/\/api.w.org\/{rel}","templated":true}]}}